{"id":145,"date":"2024-11-24T22:45:20","date_gmt":"2024-11-24T22:45:20","guid":{"rendered":"https:\/\/hosana.digital\/site\/?page_id=145"},"modified":"2024-12-29T17:44:40","modified_gmt":"2024-12-29T17:44:40","slug":"solicitar-demo","status":"publish","type":"page","link":"https:\/\/hosana.digital\/site\/solicitar-demo\/","title":{"rendered":"Solicita\u00e7\u00e3o de demonstra\u00e7\u00e3o"},"content":{"rendered":"\n<h2 class=\"wp-block-heading\">Informe seus dados<\/h2>\n\n\n\n<div class=\"wpcf7 no-js\" id=\"wpcf7-f148-o1\" lang=\"pt-BR\" dir=\"ltr\" data-wpcf7-id=\"148\">\n<div class=\"screen-reader-response\"><p role=\"status\" aria-live=\"polite\" aria-atomic=\"true\"><\/p> <ul><\/ul><\/div>\n<form action=\"\/site\/wp-json\/wp\/v2\/pages\/145#wpcf7-f148-o1\" method=\"post\" class=\"wpcf7-form init\" aria-label=\"Formul\u00e1rios de contato\" novalidate=\"novalidate\" data-status=\"init\">\n<fieldset class=\"hidden-fields-container\"><input type=\"hidden\" name=\"_wpcf7\" value=\"148\" \/><input type=\"hidden\" name=\"_wpcf7_version\" value=\"6.1.4\" \/><input type=\"hidden\" name=\"_wpcf7_locale\" value=\"pt_BR\" \/><input type=\"hidden\" name=\"_wpcf7_unit_tag\" value=\"wpcf7-f148-o1\" \/><input type=\"hidden\" name=\"_wpcf7_container_post\" value=\"0\" \/><input type=\"hidden\" name=\"_wpcf7_posted_data_hash\" value=\"\" \/>\n<\/fieldset>\n<p><label> Seu nome<br \/>\n<span class=\"wpcf7-form-control-wrap\" data-name=\"your-name\"><input size=\"40\" maxlength=\"400\" class=\"wpcf7-form-control wpcf7-text wpcf7-validates-as-required\" autocomplete=\"name\" aria-required=\"true\" aria-invalid=\"false\" value=\"\" type=\"text\" name=\"your-name\" \/><\/span> <\/label>\n<\/p>\n<p><label> Seu e-mail<br \/>\n<span class=\"wpcf7-form-control-wrap\" data-name=\"your-email\"><input size=\"40\" maxlength=\"400\" class=\"wpcf7-form-control wpcf7-email wpcf7-validates-as-required wpcf7-text wpcf7-validates-as-email\" autocomplete=\"email\" aria-required=\"true\" aria-invalid=\"false\" value=\"\" type=\"email\" name=\"your-email\" \/><\/span> <\/label>\n<\/p>\n<p><label> Nome do Minist\u00e9rio\/Igreja<br \/>\n<span class=\"wpcf7-form-control-wrap\" data-name=\"your-igreja\"><input size=\"40\" maxlength=\"400\" class=\"wpcf7-form-control wpcf7-text wpcf7-validates-as-required\" autocomplete=\"igreja\" aria-required=\"true\" aria-invalid=\"false\" value=\"\" type=\"text\" name=\"your-igreja\" \/><\/span> <\/label>\n<\/p>\n<p><label> Sua igreja j\u00e1 tem site? Se sim, por favor informe abaixo:<br \/>\n<span class=\"wpcf7-form-control-wrap\" data-name=\"your-igreja-site\"><input size=\"40\" maxlength=\"400\" class=\"wpcf7-form-control wpcf7-text wpcf7-validates-as-required\" autocomplete=\"igreja-site\" aria-required=\"true\" aria-invalid=\"false\" value=\"\" type=\"text\" name=\"your-igreja-site\" \/><\/span> <\/label>\n<\/p>\n<p><label> Seu telefone\/whatsapp<br \/>\n<span class=\"wpcf7-form-control-wrap\" data-name=\"tel-194\"><input size=\"40\" maxlength=\"400\" class=\"wpcf7-form-control wpcf7-tel wpcf7-validates-as-required wpcf7-text wpcf7-validates-as-tel\" aria-required=\"true\" aria-invalid=\"false\" value=\"\" type=\"tel\" name=\"tel-194\" \/><\/span> <\/label>\n<\/p>\n<p><div id=\"cf7sr-6a045a7aadc72\" class=\"cf7sr-g-hcaptcha\" data-theme=\"light\" data-size=\"normal\" data-sitekey=\"8a085c46-3f48-4f10-9e64-1acce604d236\"><\/div><span class=\"wpcf7-form-control-wrap cf7sr-hcaptcha\" data-name=\"cf7sr-hcaptcha\"><input type=\"hidden\" name=\"cf7sr-hcaptcha\" value=\"\" class=\"wpcf7-form-control\"><\/span>\n<\/p>\n<p><input class=\"wpcf7-form-control wpcf7-submit has-spinner\" type=\"submit\" value=\"Enviar\" \/>\n<\/p><input type='hidden' class='wpcf7-pum' value='{\"closepopup\":false,\"closedelay\":0,\"openpopup\":false,\"openpopup_id\":0}' \/><div class=\"wpcf7-response-output\" aria-hidden=\"true\"><\/div>\n<\/form>\n<\/div>\n\n\n\n\n<p>Ao enviar essa solicita\u00e7\u00e3o, voc\u00ea est\u00e1 ciente que receber\u00e1 comunica\u00e7\u00e3o de nossa equipe, conforme nossa&nbsp;<a href=\"https:\/\/hosana.digital\/site\/politica-de-privacidade\/\" data-type=\"page\" data-id=\"17\">pol\u00edtica de privacidade<\/a>.<\/p>\n","protected":false},"excerpt":{"rendered":"<p>Informe seus dados Ao enviar essa solicita\u00e7\u00e3o, voc\u00ea est\u00e1 ciente que receber\u00e1 comunica\u00e7\u00e3o de nossa equipe, conforme nossa&nbsp;pol\u00edtica de privacidade.<\/p>\n","protected":false},"author":1,"featured_media":0,"parent":0,"menu_order":0,"comment_status":"closed","ping_status":"closed","template":"","meta":{"footnotes":""},"class_list":["post-145","page","type-page","status-publish","hentry"],"_links":{"self":[{"href":"https:\/\/hosana.digital\/site\/wp-json\/wp\/v2\/pages\/145","targetHints":{"allow":["GET"]}}],"collection":[{"href":"https:\/\/hosana.digital\/site\/wp-json\/wp\/v2\/pages"}],"about":[{"href":"https:\/\/hosana.digital\/site\/wp-json\/wp\/v2\/types\/page"}],"author":[{"embeddable":true,"href":"https:\/\/hosana.digital\/site\/wp-json\/wp\/v2\/users\/1"}],"replies":[{"embeddable":true,"href":"https:\/\/hosana.digital\/site\/wp-json\/wp\/v2\/comments?post=145"}],"version-history":[{"count":7,"href":"https:\/\/hosana.digital\/site\/wp-json\/wp\/v2\/pages\/145\/revisions"}],"predecessor-version":[{"id":607,"href":"https:\/\/hosana.digital\/site\/wp-json\/wp\/v2\/pages\/145\/revisions\/607"}],"wp:attachment":[{"href":"https:\/\/hosana.digital\/site\/wp-json\/wp\/v2\/media?parent=145"}],"curies":[{"name":"wp","href":"https:\/\/api.w.org\/{rel}","templated":true}]}}