{"id":19,"date":"2024-11-23T02:23:18","date_gmt":"2024-11-23T02:23:18","guid":{"rendered":"https:\/\/hosana.digital\/site\/?page_id=19"},"modified":"2024-11-23T02:25:51","modified_gmt":"2024-11-23T02:25:51","slug":"aviso-cookies","status":"publish","type":"page","link":"https:\/\/hosana.digital\/site\/aviso-cookies\/","title":{"rendered":"Aviso de Cookies"},"content":{"rendered":"\n<p><strong>OBJETIVO E CONTE\u00daDO<\/strong><br>Nosso app\/site usa alguns cookies e, portanto, somos obrigados a informar nossos visitantes sobre os cookies que a Hosana.digital usa e a obter seu consentimento. Ao usar nosso site, voc\u00ea concorda com o uso e o armazenamento de cookies no seu dispositivo. No entanto, voc\u00ea tamb\u00e9m pode visualizar nosso site sem cookies anal\u00edticos. A maioria dos navegadores aceita cookies automaticamente. Voc\u00ea pode impedir que os cookies sejam salvos no seu dispositivo final, configurando o navegador para n\u00e3o aceitar cookies. Voc\u00ea pode excluir os cookies armazenados no seu dispositivo final a qualquer momento. Abaixo, explicamos o que s\u00e3o cookies, quais cookies usamos e por qu\u00ea.<\/p>\n\n\n\n<p><strong>COOKIES<\/strong><br>Um cookie \u00e9, em geral, uma pequena quantidade de dados enviada de um servidor Web para o navegador do usu\u00e1rio e armazenada na unidade de disco r\u00edgido do computador do usu\u00e1rio, ou seja, s\u00e3o pequenos arquivos que registram e armazenam em seu computador os detalhes de sua atividade ao visitar um site. Todas as p\u00e1ginas do site da Hosana.digital em que o usu\u00e1rio precisar efetuar login ou que possam ser personalizadas requerem que o usu\u00e1rio aceite os cookies.Os cookies ajudam a analisar o tr\u00e1fego da Web e permitem que os aplicativos da Web respondam a voc\u00ea como indiv\u00edduo. O aplicativo da Web pode adaptar suas opera\u00e7\u00f5es \u00e0s suas necessidades, gostos e desgostos, coletando e lembrando informa\u00e7\u00f5es sobre suas prefer\u00eancias. Certos cookies podem conter dados pessoais &#8211; por exemplo, se voc\u00ea clicar em &#8220;lembrar de mim&#8221; ao fazer login, um cookie poder\u00e1 armazenar seu nome de usu\u00e1rio.<\/p>\n\n\n\n<p><strong>USO DE COOKIES NO HOSANA.DIGITAL<\/strong><br>O site da Hosana.digital tamb\u00e9m utiliza cookies. O uso de cookies para armazenar e, por vezes, rastrear informa\u00e7\u00f5es sobre o usu\u00e1rio, faz parte da personaliza\u00e7\u00e3o da oferta e do fornecimento de servi\u00e7os do site da Hosana.digital. O objetivo dos cookies em nosso site \u00e9 apenas para tornar sua visita o mais agrad\u00e1vel poss\u00edvel e fornecer informa\u00e7\u00f5es \u00e0 Hosana.digital sobre como nosso site est\u00e1 sendo usado, para que possamos otimiz\u00e1-lo para visitantes como voc\u00ea. A Hosana.digital n\u00e3o vende espa\u00e7o publicit\u00e1rio, portanto voc\u00ea n\u00e3o encontrar\u00e1 cookies de anunciantes.Em geral, os cookies s\u00e3o utilizados para:(1) Identificar o usu\u00e1rio para a Hosana.digital e acessar as informa\u00e7\u00f5es da sua conta (armazenadas nos computadores da Hosana.digital), para fornecer ao usu\u00e1rio um servi\u00e7o mais personalizado. Esse cookie \u00e9 acionado ao se registrar, em &#8220;Conectar&#8221;, e \u00e9 modificado ao se &#8220;Desconectar&#8221; do site.(2) Dimensionar e qualificar o p\u00fablico do site. Cada navegador que acessa o site recebe um cookie exclusivo, que \u00e9 usado para determinar a extens\u00e3o do uso repetitivo, do uso por um usu\u00e1rio registrado versus o uso por um usu\u00e1rio n\u00e3o-registrado e para ajudar a direcionar os conte\u00fados\/avisos com base nos interesses e no comportamento do usu\u00e1rio.<\/p>\n","protected":false},"excerpt":{"rendered":"<p>OBJETIVO E CONTE\u00daDONosso app\/site usa alguns cookies e, portanto, somos obrigados a informar nossos visitantes sobre os cookies que a Hosana.digital usa e a obter [&#8230;]<\/p>\n","protected":false},"author":1,"featured_media":0,"parent":0,"menu_order":0,"comment_status":"closed","ping_status":"closed","template":"","meta":{"footnotes":""},"class_list":["post-19","page","type-page","status-publish","hentry"],"_links":{"self":[{"href":"https:\/\/hosana.digital\/site\/wp-json\/wp\/v2\/pages\/19","targetHints":{"allow":["GET"]}}],"collection":[{"href":"https:\/\/hosana.digital\/site\/wp-json\/wp\/v2\/pages"}],"about":[{"href":"https:\/\/hosana.digital\/site\/wp-json\/wp\/v2\/types\/page"}],"author":[{"embeddable":true,"href":"https:\/\/hosana.digital\/site\/wp-json\/wp\/v2\/users\/1"}],"replies":[{"embeddable":true,"href":"https:\/\/hosana.digital\/site\/wp-json\/wp\/v2\/comments?post=19"}],"version-history":[{"count":3,"href":"https:\/\/hosana.digital\/site\/wp-json\/wp\/v2\/pages\/19\/revisions"}],"predecessor-version":[{"id":24,"href":"https:\/\/hosana.digital\/site\/wp-json\/wp\/v2\/pages\/19\/revisions\/24"}],"wp:attachment":[{"href":"https:\/\/hosana.digital\/site\/wp-json\/wp\/v2\/media?parent=19"}],"curies":[{"name":"wp","href":"https:\/\/api.w.org\/{rel}","templated":true}]}}