{"id":209,"date":"2024-12-01T18:41:59","date_gmt":"2024-12-01T18:41:59","guid":{"rendered":"https:\/\/hosana.digital\/site\/?page_id=209"},"modified":"2025-07-06T00:21:45","modified_gmt":"2025-07-06T03:21:45","slug":"planos","status":"publish","type":"page","link":"https:\/\/hosana.digital\/site\/planos\/","title":{"rendered":"Planos"},"content":{"rendered":"\n<p><strong>Simplifique a gest\u00e3o da sua igreja com nossos planos flex\u00edveis!<\/strong><\/p>\n\n\n\n<p>Transforme a administra\u00e7\u00e3o da sua igreja com um sistema completo, intuitivo e pensado para o seu minist\u00e9rio. Escolha o plano ideal para suas necessidades:<\/p>\n\n\n\n<div class=\"wp-block-columns alignwide is-layout-flex wp-container-core-columns-is-layout-829b1d53 wp-block-columns-is-layout-flex\" style=\"margin-bottom:0\">\n<div class=\"wp-block-column has-white-color has-gray-background-color has-text-color has-background has-link-color wp-elements-e0f81d28427d80c334698160421cb313 is-layout-flow wp-block-column-is-layout-flow\" style=\"padding-top:2em;padding-right:2em;padding-bottom:2em;padding-left:2em\">\n<h2 class=\"wp-block-heading\">Plano Essencial<\/h2>\n\n\n\n<h2 class=\"wp-block-heading has-white-color has-text-color has-link-color wp-elements-b1d3acbe5127f4284f26065d910e5385\" id=\"family\" style=\"font-size:40px\"><strong>Sistema<\/strong><\/h2>\n\n\n\n<p class=\"has-text-align-center\"><\/p>\n\n\n\n<ul class=\"wp-block-list\">\n<li>Limitado ao cadastro de at\u00e9 350 membros<\/li>\n\n\n\n<li>Sem limite de cadastro de usu\u00e1rios do sistema<\/li>\n\n\n\n<li>Sem limite de uso da \u00e1rea pastoral<\/li>\n\n\n\n<li>Limitado \u00e0 emiss\u00e3o de 1 tipo de credencial<\/li>\n\n\n\n<li>Atendimento de suporte apenas por e-mail<\/li>\n\n\n\n<li>Relat\u00f3rios e gr\u00e1ficos, padr\u00e3o, sem customiza\u00e7\u00e3o ou cria\u00e7\u00e3o de novos relat\u00f3rios<\/li>\n\n\n\n<li><s>Importa\u00e7\u00e3o de membros de outros sistemas<\/s><\/li>\n\n\n\n<li><s>Acesso ao app de membros, com customiza\u00e7\u00e3o de op\u00e7\u00f5es, logo e cores<\/s><\/li>\n<\/ul>\n\n\n\n<hr class=\"wp-block-separator has-css-opacity is-style-wide\"\/>\n\n\n\n<div class=\"wp-block-buttons alignfull is-horizontal is-content-justification-center is-layout-flex wp-container-core-buttons-is-layout-499968f5 wp-block-buttons-is-layout-flex\">\n<div class=\"wp-block-button has-custom-width wp-block-button__width-100 is-style-fill\"><a class=\"wp-block-button__link has-white-color has-text-color has-background no-border-radius wp-element-button\" style=\"background-color:#000000\">R$ 60,00<\/a><\/div>\n<\/div>\n<\/div>\n\n\n\n<div class=\"wp-block-column has-white-color has-text-color has-background has-link-color wp-elements-c778af52ea566fe7849fc53152fa4366 is-layout-flow wp-block-column-is-layout-flow\" style=\"background-color:#fd8e0b;padding-top:2em;padding-right:2em;padding-bottom:2em;padding-left:2em\">\n<h2 class=\"wp-block-heading\">Plano Completo<\/h2>\n\n\n\n<h2 class=\"wp-block-heading has-white-color has-text-color has-link-color wp-elements-17dfb463b17321843c3f044c3acaa4ed\" id=\"family\" style=\"font-size:40px\"><strong>Sistema + Aplicativo<\/strong><\/h2>\n\n\n\n<p class=\"has-text-align-center\"><\/p>\n\n\n\n<ul class=\"wp-block-list\">\n<li>Sem limites de cadastro de membros<\/li>\n\n\n\n<li>Sem limite de cadastro de usu\u00e1rios do sistema<\/li>\n\n\n\n<li>Sem limite de uso da \u00e1rea pastoral<\/li>\n\n\n\n<li>Sem limite de cadastro de grupos\/c\u00e9lulas<\/li>\n\n\n\n<li>Sem limite de cadastro de cargos\/fun\u00e7\u00f5es<\/li>\n\n\n\n<li>Sem limite de lan\u00e7amentos do m\u00f3dulo financeiro<\/li>\n\n\n\n<li>Relat\u00f3rios customizados e export\u00e1veis, sem limites<\/li>\n\n\n\n<li>Relat\u00f3rios de gr\u00e1ficos customizados, sem limite<\/li>\n\n\n\n<li>Importa\u00e7\u00e3o de membros de outros sistemas<\/li>\n\n\n\n<li>Sem limite de cadastro de eventos\/compromisso no m\u00f3dulo de Agenda\/Eventos<\/li>\n\n\n\n<li>Suporte \u00e0 emiss\u00e3o de credenciais, certificados e diplomas, sem limites<\/li>\n\n\n\n<li>Suporte priorit\u00e1rio, por por telefone, WhatsApp e e-mail<\/li>\n\n\n\n<li>Acesso ao app de membros, com customiza\u00e7\u00e3o de op\u00e7\u00f5es, logo e cores<\/li>\n<\/ul>\n\n\n\n<hr class=\"wp-block-separator has-css-opacity is-style-wide\"\/>\n\n\n\n<div class=\"wp-block-buttons alignfull is-horizontal is-content-justification-center is-layout-flex wp-container-core-buttons-is-layout-499968f5 wp-block-buttons-is-layout-flex\">\n<div class=\"wp-block-button has-custom-width wp-block-button__width-100 is-style-fill\"><a class=\"wp-block-button__link has-white-color has-text-color has-background no-border-radius wp-element-button\" style=\"background-color:#000000\">R$ 110,00<\/a><\/div>\n<\/div>\n<\/div>\n<\/div>\n\n\n\n<h2 class=\"wp-block-heading has-text-align-center is-style-default\">Os dois planos permitem cadastro de apenas 1 congrega\u00e7\u00e3o: para administra\u00e7\u00e3o congregacional de mais de uma filial, \u00e9 cobrado o valor de R$ 110,00 \u00e0 mais na mensalidade, por congrega\u00e7\u00e3o: at\u00e9 10 congrega\u00e7\u00f5es. <br>Acima dessa quantidade, solicitar or\u00e7amento.<\/h2>\n\n\n\n<p><\/p>\n","protected":false},"excerpt":{"rendered":"<p>Simplifique a gest\u00e3o da sua igreja com nossos planos flex\u00edveis! Transforme a administra\u00e7\u00e3o da sua igreja com um sistema completo, intuitivo e pensado para o [&#8230;]<\/p>\n","protected":false},"author":1,"featured_media":0,"parent":0,"menu_order":0,"comment_status":"closed","ping_status":"closed","template":"","meta":{"footnotes":""},"class_list":["post-209","page","type-page","status-publish","hentry"],"_links":{"self":[{"href":"https:\/\/hosana.digital\/site\/wp-json\/wp\/v2\/pages\/209","targetHints":{"allow":["GET"]}}],"collection":[{"href":"https:\/\/hosana.digital\/site\/wp-json\/wp\/v2\/pages"}],"about":[{"href":"https:\/\/hosana.digital\/site\/wp-json\/wp\/v2\/types\/page"}],"author":[{"embeddable":true,"href":"https:\/\/hosana.digital\/site\/wp-json\/wp\/v2\/users\/1"}],"replies":[{"embeddable":true,"href":"https:\/\/hosana.digital\/site\/wp-json\/wp\/v2\/comments?post=209"}],"version-history":[{"count":99,"href":"https:\/\/hosana.digital\/site\/wp-json\/wp\/v2\/pages\/209\/revisions"}],"predecessor-version":[{"id":771,"href":"https:\/\/hosana.digital\/site\/wp-json\/wp\/v2\/pages\/209\/revisions\/771"}],"wp:attachment":[{"href":"https:\/\/hosana.digital\/site\/wp-json\/wp\/v2\/media?parent=209"}],"curies":[{"name":"wp","href":"https:\/\/api.w.org\/{rel}","templated":true}]}}